{"id":13037,"date":"2025-06-25T23:52:32","date_gmt":"2025-06-25T23:52:32","guid":{"rendered":"https:\/\/bigit.lt\/?post_type=product&#038;p=13037"},"modified":"2025-07-03T10:14:50","modified_gmt":"2025-07-03T10:14:50","slug":"42mm-slate-milanese-loop","status":"publish","type":"product","link":"https:\/\/bigit.lt\/?product=42mm-slate-milanese-loop","title":{"rendered":"42mm Slate Milanese Loop"},"content":{"rendered":"<p>Pristatome 42 mm antracito Milanese kilpel\u0117s dir\u017eel\u012f Apple Watch, eleganti\u0161k\u0105 aksesuar\u0105, kuris sujungia modernum\u0105 su prakti\u0161kumu. Pagamintas i\u0161 auk\u0161tos kokyb\u0117s ner\u016bdijan\u010dio plieno, \u0161is dir\u017eelis pasi\u017eymi smulkiai i\u0161margintu tinklu, kuris suteikia ne tik prabangos i\u0161vaizd\u0105, bet ir patogum\u0105 bei kv\u0117pavim\u0105 vis\u0105 dien\u0105.<\/p>\n<p>Reguliuojamas magnetinis u\u017esegimas u\u017etikrina, kad dir\u017eelis puikiai priglust\u0173 prie bet kokio rie\u0161o dyd\u017eio, tod\u0117l jis yra universalus ir lengvai pritaikomas. Antracito atspalvis suteikia modernumo ir stiliaus, derinantis tiek su kasdieniais, tiek su formaliais drabu\u017eiais.<\/p>\n<p>Suderinamas su visais 42 mm Apple Watch modeliais, \u0161is Milanese Loop yra puikus pasirinkimas tiems, kurie vertina rafinuotum\u0105 ir i\u0161skirtinum\u0105. Pakelkite savo Apple Watch stili\u0173 su \u0161iuo i\u0161skirtiniu dir\u017eeliu, kuris atspindi auk\u0161\u010diausios klas\u0117s meistri\u0161kum\u0105 ir moderni\u0105 elegancij\u0105. Idealiai tinka bet kokiai progai, tai yra tobulas prabangos ir kasdienio komforto derinys.<\/p>\n","protected":false},"excerpt":{"rendered":"<p>Pristatome 42 mm antracito Milanese kilpel\u0117s dir\u017eel\u012f Apple Watch, eleganti\u0161k\u0105 aksesuar\u0105, kuris sujungia modernum\u0105 su prakti\u0161kumu. Pagamintas i\u0161 auk\u0161tos kokyb\u0117s ner\u016bdijan\u010dio plieno, \u0161is dir\u017eelis pasi\u017eymi smulkiai i\u0161margintu [&hellip;]<\/p>\n","protected":false},"featured_media":14089,"comment_status":"open","ping_status":"closed","template":"","meta":{"_acf_changed":false},"product_brand":[1120],"product_cat":[1124],"product_tag":[],"class_list":{"0":"post-13037","1":"product","2":"type-product","3":"status-publish","4":"has-post-thumbnail","6":"product_brand-apple","7":"product_cat-nesiojami-priedai","9":"first","10":"instock","11":"taxable","12":"shipping-taxable","13":"purchasable","14":"product-type-simple"},"acf":[],"jetpack_sharing_enabled":true,"_links":{"self":[{"href":"https:\/\/bigit.lt\/index.php?rest_route=\/wp\/v2\/product\/13037","targetHints":{"allow":["GET"]}}],"collection":[{"href":"https:\/\/bigit.lt\/index.php?rest_route=\/wp\/v2\/product"}],"about":[{"href":"https:\/\/bigit.lt\/index.php?rest_route=\/wp\/v2\/types\/product"}],"replies":[{"embeddable":true,"href":"https:\/\/bigit.lt\/index.php?rest_route=%2Fwp%2Fv2%2Fcomments&post=13037"}],"wp:featuredmedia":[{"embeddable":true,"href":"https:\/\/bigit.lt\/index.php?rest_route=\/wp\/v2\/media\/14089"}],"wp:attachment":[{"href":"https:\/\/bigit.lt\/index.php?rest_route=%2Fwp%2Fv2%2Fmedia&parent=13037"}],"wp:term":[{"taxonomy":"product_brand","embeddable":true,"href":"https:\/\/bigit.lt\/index.php?rest_route=%2Fwp%2Fv2%2Fproduct_brand&post=13037"},{"taxonomy":"product_cat","embeddable":true,"href":"https:\/\/bigit.lt\/index.php?rest_route=%2Fwp%2Fv2%2Fproduct_cat&post=13037"},{"taxonomy":"product_tag","embeddable":true,"href":"https:\/\/bigit.lt\/index.php?rest_route=%2Fwp%2Fv2%2Fproduct_tag&post=13037"}],"curies":[{"name":"wp","href":"https:\/\/api.w.org\/{rel}","templated":true}]}}