{"id":12903,"date":"2025-06-25T23:51:53","date_gmt":"2025-06-25T23:51:53","guid":{"rendered":"https:\/\/bigit.lt\/?post_type=product&#038;p=12903"},"modified":"2025-07-03T10:15:33","modified_gmt":"2025-07-03T10:15:33","slug":"42mm-gold-milanese-loop-apple","status":"publish","type":"product","link":"https:\/\/bigit.lt\/?product=42mm-gold-milanese-loop-apple","title":{"rendered":"42mm Gold Milanese Loop | Apple"},"content":{"rendered":"<p>Pristatome 42 mm auksin\u012f Milanese kilpel\u0117s dir\u017eel\u012f Apple Watch, stulbinant\u012f aksesuar\u0105, kuris sujungia elegancij\u0105 su funkcionalumu. Pagamintas i\u0161 auk\u0161tos kokyb\u0117s ner\u016bdijan\u010dio plieno, \u0161is dir\u017eelis pasi\u017eymi unikaliu, smulkiai audiniu tinklu, kuris ne tik suteikia prabangos estetik\u0105, bet ir u\u017etikrina kv\u0117pavim\u0105 bei komfort\u0105 visos dienos d\u0117v\u0117jimo metu.<\/p>\n<p>Reguliuojamas magnetinis u\u017esegimas leid\u017eia lengvai pritaikyti dir\u017eel\u012f prie bet kokio rie\u0161o dyd\u017eio, tod\u0117l jis yra universalus ir patogus naudoti. Auksin\u0117 apdaila suteikia rafinuotumo, puikiai derinantis su \u012fvairiais stiliaus sprendimais \u2013 nuo kasdieni\u0173 iki formal\u0173.<\/p>\n<p>Suderinamas su visais 42 mm Apple Watch modeliais, \u0161is Milanese dir\u017eelis idealiai tinka tiems, kurie vertina stili\u0173 ir kokyb\u0119. Pakelkite savo Apple Watch patirt\u012f su \u0161iuo i\u0161skirtiniu dir\u017eeliu, kuris atspindi \u0161iuolaikin\u012f meistri\u0161kum\u0105 ir laikui nepavald\u017ei\u0105 elegancij\u0105. Puikus pasirinkimas bet kokiai progai, tai yra tobulas prabangos ir kasdienio prakti\u0161kumo derinys.<\/p>\n","protected":false},"excerpt":{"rendered":"<p>Pristatome 42 mm auksin\u012f Milanese kilpel\u0117s dir\u017eel\u012f Apple Watch, stulbinant\u012f aksesuar\u0105, kuris sujungia elegancij\u0105 su funkcionalumu. Pagamintas i\u0161 auk\u0161tos kokyb\u0117s ner\u016bdijan\u010dio plieno, \u0161is dir\u017eelis pasi\u017eymi unikaliu, smulkiai [&hellip;]<\/p>\n","protected":false},"featured_media":14087,"comment_status":"open","ping_status":"closed","template":"","meta":{"_acf_changed":false},"product_brand":[1120],"product_cat":[1124],"product_tag":[],"class_list":{"0":"post-12903","1":"product","2":"type-product","3":"status-publish","4":"has-post-thumbnail","6":"product_brand-apple","7":"product_cat-nesiojami-priedai","9":"first","10":"instock","11":"taxable","12":"shipping-taxable","13":"purchasable","14":"product-type-simple"},"acf":[],"jetpack_sharing_enabled":true,"_links":{"self":[{"href":"https:\/\/bigit.lt\/index.php?rest_route=\/wp\/v2\/product\/12903","targetHints":{"allow":["GET"]}}],"collection":[{"href":"https:\/\/bigit.lt\/index.php?rest_route=\/wp\/v2\/product"}],"about":[{"href":"https:\/\/bigit.lt\/index.php?rest_route=\/wp\/v2\/types\/product"}],"replies":[{"embeddable":true,"href":"https:\/\/bigit.lt\/index.php?rest_route=%2Fwp%2Fv2%2Fcomments&post=12903"}],"wp:featuredmedia":[{"embeddable":true,"href":"https:\/\/bigit.lt\/index.php?rest_route=\/wp\/v2\/media\/14087"}],"wp:attachment":[{"href":"https:\/\/bigit.lt\/index.php?rest_route=%2Fwp%2Fv2%2Fmedia&parent=12903"}],"wp:term":[{"taxonomy":"product_brand","embeddable":true,"href":"https:\/\/bigit.lt\/index.php?rest_route=%2Fwp%2Fv2%2Fproduct_brand&post=12903"},{"taxonomy":"product_cat","embeddable":true,"href":"https:\/\/bigit.lt\/index.php?rest_route=%2Fwp%2Fv2%2Fproduct_cat&post=12903"},{"taxonomy":"product_tag","embeddable":true,"href":"https:\/\/bigit.lt\/index.php?rest_route=%2Fwp%2Fv2%2Fproduct_tag&post=12903"}],"curies":[{"name":"wp","href":"https:\/\/api.w.org\/{rel}","templated":true}]}}