{"id":68,"date":"2025-06-25T18:23:19","date_gmt":"2025-06-25T18:23:19","guid":{"rendered":"https:\/\/bigit.lt\/krepselis\/"},"modified":"2025-06-26T01:09:42","modified_gmt":"2025-06-26T01:09:42","slug":"krepselis","status":"publish","type":"page","link":"https:\/\/bigit.lt\/?page_id=68","title":{"rendered":"Krep\u0161elis"},"content":{"rendered":"\n<div data-block-name=\"woocommerce\/cart\" class=\"wp-block-woocommerce-cart alignwide is-loading\">\n    <div data-block-name=\"woocommerce\/filled-cart-block\" class=\"wp-block-woocommerce-filled-cart-block\">\n        <div data-block-name=\"woocommerce\/cart-items-block\" class=\"wp-block-woocommerce-cart-items-block\">\n            <div data-block-name=\"woocommerce\/cart-line-items-block\" class=\"wp-block-woocommerce-cart-line-items-block\"><\/div>\n            \n\n            \n            <div data-block-name=\"woocommerce\/cart-cross-sells-block\" class=\"wp-block-woocommerce-cart-cross-sells-block\">\n                <h2 class=\"wp-block-heading has-large-font-size\">You may be interested in\u2026<\/h2>\n                \n\n                \n                <div data-block-name=\"woocommerce\/cart-cross-sells-products-block\" class=\"wp-block-woocommerce-cart-cross-sells-products-block\"><\/div>\n                <\/div>\n            <\/div>\n        \n\n        \n        <div data-block-name=\"woocommerce\/cart-totals-block\" class=\"wp-block-woocommerce-cart-totals-block\">\n            <div data-block-name=\"woocommerce\/cart-order-summary-block\" class=\"wp-block-woocommerce-cart-order-summary-block\">\n                <div data-block-name=\"woocommerce\/cart-order-summary-heading-block\" class=\"wp-block-woocommerce-cart-order-summary-heading-block\"><\/div>\n                \n\n                \n                <div data-block-name=\"woocommerce\/cart-order-summary-coupon-form-block\" class=\"wp-block-woocommerce-cart-order-summary-coupon-form-block\"><\/div>\n                \n\n                \n                <div data-block-name=\"woocommerce\/cart-order-summary-totals-block\" class=\"wp-block-woocommerce-cart-order-summary-totals-block\">\n                    <div data-block-name=\"woocommerce\/cart-order-summary-subtotal-block\" class=\"wp-block-woocommerce-cart-order-summary-subtotal-block\"><\/div>\n                    \n\n                    \n                    <div data-block-name=\"woocommerce\/cart-order-summary-fee-block\" class=\"wp-block-woocommerce-cart-order-summary-fee-block\"><\/div>\n                    \n\n                    \n                    <div data-block-name=\"woocommerce\/cart-order-summary-discount-block\" class=\"wp-block-woocommerce-cart-order-summary-discount-block\"><\/div>\n                    \n\n                    \n                    <div data-block-name=\"woocommerce\/cart-order-summary-shipping-block\" class=\"wp-block-woocommerce-cart-order-summary-shipping-block\"><\/div>\n                    \n\n                    \n                    <div data-block-name=\"woocommerce\/cart-order-summary-taxes-block\" class=\"wp-block-woocommerce-cart-order-summary-taxes-block\"><\/div>\n                    <\/div>\n                <\/div>\n            \n\n            \n            <div data-block-name=\"woocommerce\/cart-express-payment-block\" class=\"wp-block-woocommerce-cart-express-payment-block\"><\/div>\n            \n\n            \n            <div data-block-name=\"woocommerce\/proceed-to-checkout-block\" class=\"wp-block-woocommerce-proceed-to-checkout-block\"><\/div>\n            \n\n            \n            <div data-block-name=\"woocommerce\/cart-accepted-payment-methods-block\" class=\"wp-block-woocommerce-cart-accepted-payment-methods-block\"><\/div>\n            <\/div>\n        <\/div>\n    \n\n    \n    <div data-block-name=\"woocommerce\/empty-cart-block\" class=\"wp-block-woocommerce-empty-cart-block\">\n        <h2 class=\"wp-block-heading has-text-align-center with-empty-cart-icon wc-block-cart__empty-cart__title\">Your cart is currently empty!<\/h2>\n        \n\n        \n        <hr class=\"wp-block-separator has-alpha-channel-opacity is-style-dots\"\/>\n        \n\n        \n        <h2 class=\"wp-block-heading has-text-align-center\">New in store<\/h2>\n        \n\n        <div data-block-name=\"woocommerce\/product-new\" data-columns=\"4\" data-rows=\"1\" class=\"wc-block-grid wp-block-product-new wp-block-woocommerce-product-new wc-block-product-new has-4-columns\"><ul class=\"wc-block-grid__products\"><li class=\"wc-block-grid__product\">\n\t\t\t\t<a href=\"https:\/\/bigit.lt\/?product=panzerglass-screen-protector-glass-apple-iphone-14-pro-max-polyethylene-terephthalate-pet-black-transparent\" class=\"wc-block-grid__product-link\">\n\t\t\t\t\t\n\t\t\t\t\t<div class=\"wc-block-grid__product-image\"><img fetchpriority=\"high\" decoding=\"async\" width=\"400\" height=\"400\" src=\"https:\/\/bigit.lt\/wp-content\/uploads\/woocommerce-placeholder-768x768.png\" class=\"woocommerce-placeholder wp-post-image\" alt=\"\" srcset=\"https:\/\/bigit.lt\/wp-content\/uploads\/woocommerce-placeholder-768x768.png 768w, https:\/\/bigit.lt\/wp-content\/uploads\/woocommerce-placeholder-250x250.png 250w, https:\/\/bigit.lt\/wp-content\/uploads\/woocommerce-placeholder-100x100.png 100w, https:\/\/bigit.lt\/wp-content\/uploads\/woocommerce-placeholder-300x300.png 300w, https:\/\/bigit.lt\/wp-content\/uploads\/woocommerce-placeholder-1024x1024.png 1024w, https:\/\/bigit.lt\/wp-content\/uploads\/woocommerce-placeholder-150x150.png 150w, https:\/\/bigit.lt\/wp-content\/uploads\/woocommerce-placeholder.png 1200w\" sizes=\"(max-width: 400px) 100vw, 400px\" \/><\/div>\n\t\t\t\t\t<div class=\"wc-block-grid__product-title\">PanzerGlass | Screen protector &#8211; glass | Apple iPhone 14 Pro Max | Polyethylene terephthalate (PET) | Black | Transparent<\/div>\n\t\t\t\t<\/a>\n\t\t\t\t<div class=\"wc-block-grid__product-price price\"><span class=\"woocommerce-Price-amount amount\">17,58&nbsp;<span class=\"woocommerce-Price-currencySymbol\">&euro;<\/span><\/span><\/div>\n\t\t\t\t\n\t\t\t\t<div class=\"wp-block-button wc-block-grid__product-add-to-cart\"><a href=\"\/index.php?rest_route=%2Fwp%2Fv2%2Fpages%2F68&#038;add-to-cart=13939\" aria-label=\"Add to cart: &ldquo;PanzerGlass | Screen protector - glass | Apple iPhone 14 Pro Max | Polyethylene terephthalate (PET) | Black | Transparent&rdquo;\" data-quantity=\"1\" data-product_id=\"13939\" data-product_sku=\"2774\" data-price=\"17.58\" rel=\"nofollow\" class=\"wp-block-button__link  add_to_cart_button ajax_add_to_cart\">\u012e krep\u0161el\u012f<\/a><\/div>\n\t\t\t\t<a\r\n\t\thref=\"https:\/\/bigit.lt?action=yith-woocompare-add-product&#038;id=13939\"\r\n\t\tclass=\"compare button  \"\r\n\t\tdata-product_id=\"13939\"\r\n\t\ttarget=\"_self\"\r\n\t\trel=\"nofollow\"\r\n\t>\r\n\t\t\t\t<span class=\"label\">\r\n\t\t\tCompare\t\t<\/span>\r\n\t<\/a>\r\n<\/li><li class=\"wc-block-grid__product\">\n\t\t\t\t<a href=\"https:\/\/bigit.lt\/?product=apple-iphone-16-teal-6-1-super-retina-xdr-2556-x-1179-pixels-a18-internal-ram-8-gb-256-gb-dual-sim-4g-5g-main-camera-resolution-4812-mp-secondary-camera-resolution-12-mp-i\" class=\"wc-block-grid__product-link\">\n\t\t\t\t\t\n\t\t\t\t\t<div class=\"wc-block-grid__product-image\"><img decoding=\"async\" width=\"400\" height=\"400\" src=\"https:\/\/bigit.lt\/wp-content\/uploads\/2025\/06\/1000003698-400x400.png\" class=\"attachment-woocommerce_thumbnail size-woocommerce_thumbnail\" alt=\"Apple iPhone 16 | Teal | 6.1 &quot; | Super Retina XDR | 2556 x 1179 pixels | A18 | Internal RAM 8 GB | 256 GB | Dual SIM | 4G | 5G | Main camera resolution 48+12 MP | Secondary camera resolution 12 MP | iOS | 18\" srcset=\"https:\/\/bigit.lt\/wp-content\/uploads\/2025\/06\/1000003698-400x400.png 400w, https:\/\/bigit.lt\/wp-content\/uploads\/2025\/06\/1000003698-300x300.png 300w, https:\/\/bigit.lt\/wp-content\/uploads\/2025\/06\/1000003698-150x150.png 150w, https:\/\/bigit.lt\/wp-content\/uploads\/2025\/06\/1000003698-768x768.png 768w, https:\/\/bigit.lt\/wp-content\/uploads\/2025\/06\/1000003698.png 800w\" sizes=\"(max-width: 400px) 100vw, 400px\" \/><\/div>\n\t\t\t\t\t<div class=\"wc-block-grid__product-title\">Apple iPhone 16 | Teal | 6.1 &#8221; | Super Retina XDR | 2556 x 1179 pixels | A18 | Internal RAM 8 GB | 256 GB | Dual SIM | 4G | 5G | Main camera resolution 48+12 MP | Secondary camera resolution 12 MP | iOS | 18<\/div>\n\t\t\t\t<\/a>\n\t\t\t\t<div class=\"wc-block-grid__product-price price\"><span class=\"woocommerce-Price-amount amount\">827,34&nbsp;<span class=\"woocommerce-Price-currencySymbol\">&euro;<\/span><\/span><\/div>\n\t\t\t\t\n\t\t\t\t<div class=\"wp-block-button wc-block-grid__product-add-to-cart\"><a href=\"\/index.php?rest_route=%2Fwp%2Fv2%2Fpages%2F68&#038;add-to-cart=13938\" aria-label=\"Add to cart: &ldquo;Apple iPhone 16 | Teal | 6.1 &quot; | Super Retina XDR | 2556 x 1179 pixels | A18 | Internal RAM 8 GB | 256 GB | Dual SIM | 4G | 5G | Main camera resolution 48+12 MP | Secondary camera resolution 12 MP | iOS | 18&rdquo;\" data-quantity=\"1\" data-product_id=\"13938\" data-product_sku=\"MYEJ3HX\/A\" data-price=\"827.34\" rel=\"nofollow\" class=\"wp-block-button__link  add_to_cart_button ajax_add_to_cart\">\u012e krep\u0161el\u012f<\/a><\/div>\n\t\t\t\t<a\r\n\t\thref=\"https:\/\/bigit.lt?action=yith-woocompare-add-product&#038;id=13938\"\r\n\t\tclass=\"compare button  \"\r\n\t\tdata-product_id=\"13938\"\r\n\t\ttarget=\"_self\"\r\n\t\trel=\"nofollow\"\r\n\t>\r\n\t\t\t\t<span class=\"label\">\r\n\t\t\tCompare\t\t<\/span>\r\n\t<\/a>\r\n<\/li><li class=\"wc-block-grid__product\">\n\t\t\t\t<a href=\"https:\/\/bigit.lt\/?product=apple-back-cover-for-mobile-phone-magsafe-compatibility-iphone-16-pro-max-yellow\" class=\"wc-block-grid__product-link\">\n\t\t\t\t\t\n\t\t\t\t\t<div class=\"wc-block-grid__product-image\"><img fetchpriority=\"high\" decoding=\"async\" width=\"400\" height=\"400\" src=\"https:\/\/bigit.lt\/wp-content\/uploads\/woocommerce-placeholder-768x768.png\" class=\"woocommerce-placeholder wp-post-image\" alt=\"\" srcset=\"https:\/\/bigit.lt\/wp-content\/uploads\/woocommerce-placeholder-768x768.png 768w, https:\/\/bigit.lt\/wp-content\/uploads\/woocommerce-placeholder-250x250.png 250w, https:\/\/bigit.lt\/wp-content\/uploads\/woocommerce-placeholder-100x100.png 100w, https:\/\/bigit.lt\/wp-content\/uploads\/woocommerce-placeholder-300x300.png 300w, https:\/\/bigit.lt\/wp-content\/uploads\/woocommerce-placeholder-1024x1024.png 1024w, https:\/\/bigit.lt\/wp-content\/uploads\/woocommerce-placeholder-150x150.png 150w, https:\/\/bigit.lt\/wp-content\/uploads\/woocommerce-placeholder.png 1200w\" sizes=\"(max-width: 400px) 100vw, 400px\" \/><\/div>\n\t\t\t\t\t<div class=\"wc-block-grid__product-title\">Apple | Back cover for mobile phone &#8211; MagSafe compatibility | iPhone 16 Pro Max | Yellow<\/div>\n\t\t\t\t<\/a>\n\t\t\t\t<div class=\"wc-block-grid__product-price price\"><span class=\"woocommerce-Price-amount amount\">41,00&nbsp;<span class=\"woocommerce-Price-currencySymbol\">&euro;<\/span><\/span><\/div>\n\t\t\t\t\n\t\t\t\t<div class=\"wp-block-button wc-block-grid__product-add-to-cart\"><a href=\"\/index.php?rest_route=%2Fwp%2Fv2%2Fpages%2F68&#038;add-to-cart=13937\" aria-label=\"Add to cart: &ldquo;Apple | Back cover for mobile phone - MagSafe compatibility | iPhone 16 Pro Max | Yellow&rdquo;\" data-quantity=\"1\" data-product_id=\"13937\" data-product_sku=\"MA7U4ZM\/A\" data-price=\"41\" rel=\"nofollow\" class=\"wp-block-button__link  add_to_cart_button ajax_add_to_cart\">\u012e krep\u0161el\u012f<\/a><\/div>\n\t\t\t\t<a\r\n\t\thref=\"https:\/\/bigit.lt?action=yith-woocompare-add-product&#038;id=13937\"\r\n\t\tclass=\"compare button  \"\r\n\t\tdata-product_id=\"13937\"\r\n\t\ttarget=\"_self\"\r\n\t\trel=\"nofollow\"\r\n\t>\r\n\t\t\t\t<span class=\"label\">\r\n\t\t\tCompare\t\t<\/span>\r\n\t<\/a>\r\n<\/li><li class=\"wc-block-grid__product\">\n\t\t\t\t<a href=\"https:\/\/bigit.lt\/?product=apple-iphone-15-plus-512gb-pink-apple\" class=\"wc-block-grid__product-link\">\n\t\t\t\t\t\n\t\t\t\t\t<div class=\"wc-block-grid__product-image\"><img decoding=\"async\" width=\"400\" height=\"400\" src=\"https:\/\/bigit.lt\/wp-content\/uploads\/2025\/06\/1000003697-400x400.jpg\" class=\"attachment-woocommerce_thumbnail size-woocommerce_thumbnail\" alt=\"Apple iPhone 15 Plus 512GB Pink | Apple\" srcset=\"https:\/\/bigit.lt\/wp-content\/uploads\/2025\/06\/1000003697-400x400.jpg 400w, https:\/\/bigit.lt\/wp-content\/uploads\/2025\/06\/1000003697-300x300.jpg 300w, https:\/\/bigit.lt\/wp-content\/uploads\/2025\/06\/1000003697-150x150.jpg 150w, https:\/\/bigit.lt\/wp-content\/uploads\/2025\/06\/1000003697-768x768.jpg 768w, https:\/\/bigit.lt\/wp-content\/uploads\/2025\/06\/1000003697.jpg 800w\" sizes=\"(max-width: 400px) 100vw, 400px\" \/><\/div>\n\t\t\t\t\t<div class=\"wc-block-grid__product-title\">Apple iPhone 15 Plus 512GB Pink | Apple<\/div>\n\t\t\t\t<\/a>\n\t\t\t\t<div class=\"wc-block-grid__product-price price\"><span class=\"woocommerce-Price-amount amount\">1 104,79&nbsp;<span class=\"woocommerce-Price-currencySymbol\">&euro;<\/span><\/span><\/div>\n\t\t\t\t\n\t\t\t\t<div class=\"wp-block-button wc-block-grid__product-add-to-cart\"><a href=\"\/index.php?rest_route=%2Fwp%2Fv2%2Fpages%2F68&#038;add-to-cart=13936\" aria-label=\"Add to cart: &ldquo;Apple iPhone 15 Plus 512GB Pink | Apple&rdquo;\" data-quantity=\"1\" data-product_id=\"13936\" data-product_sku=\"MU1J3PX\/A\" data-price=\"1104.79\" rel=\"nofollow\" class=\"wp-block-button__link  add_to_cart_button ajax_add_to_cart\">\u012e krep\u0161el\u012f<\/a><\/div>\n\t\t\t\t<a\r\n\t\thref=\"https:\/\/bigit.lt?action=yith-woocompare-add-product&#038;id=13936\"\r\n\t\tclass=\"compare button  \"\r\n\t\tdata-product_id=\"13936\"\r\n\t\ttarget=\"_self\"\r\n\t\trel=\"nofollow\"\r\n\t>\r\n\t\t\t\t<span class=\"label\">\r\n\t\t\tCompare\t\t<\/span>\r\n\t<\/a>\r\n<\/li><\/ul><\/div><\/div>\n    <\/div>\n\n","protected":false},"excerpt":{"rendered":"You may be interested in\u2026 Your cart is currently empty! New in store","protected":false},"author":1,"featured_media":0,"parent":0,"menu_order":0,"comment_status":"closed","ping_status":"closed","template":"","meta":{"_acf_changed":false,"footnotes":""},"class_list":["post-68","page","type-page","status-publish","hentry"],"acf":[],"jetpack_sharing_enabled":true,"_links":{"self":[{"href":"https:\/\/bigit.lt\/index.php?rest_route=\/wp\/v2\/pages\/68","targetHints":{"allow":["GET"]}}],"collection":[{"href":"https:\/\/bigit.lt\/index.php?rest_route=\/wp\/v2\/pages"}],"about":[{"href":"https:\/\/bigit.lt\/index.php?rest_route=\/wp\/v2\/types\/page"}],"author":[{"embeddable":true,"href":"https:\/\/bigit.lt\/index.php?rest_route=\/wp\/v2\/users\/1"}],"replies":[{"embeddable":true,"href":"https:\/\/bigit.lt\/index.php?rest_route=%2Fwp%2Fv2%2Fcomments&post=68"}],"version-history":[{"count":1,"href":"https:\/\/bigit.lt\/index.php?rest_route=\/wp\/v2\/pages\/68\/revisions"}],"predecessor-version":[{"id":13945,"href":"https:\/\/bigit.lt\/index.php?rest_route=\/wp\/v2\/pages\/68\/revisions\/13945"}],"wp:attachment":[{"href":"https:\/\/bigit.lt\/index.php?rest_route=%2Fwp%2Fv2%2Fmedia&parent=68"}],"curies":[{"name":"wp","href":"https:\/\/api.w.org\/{rel}","templated":true}]}}